{"id":717,"date":"2020-10-06T16:56:24","date_gmt":"2020-10-06T15:56:24","guid":{"rendered":"http:\/\/acitadella.fr\/?page_id=717"},"modified":"2020-10-06T16:56:24","modified_gmt":"2020-10-06T15:56:24","slug":"assurances-certifications","status":"publish","type":"page","link":"https:\/\/acitadella.fr\/?page_id=717","title":{"rendered":"Assurances-Certifications"},"content":{"rendered":"<p>CONTRAT D&rsquo;ASSURANCE PROFESSIONNELLE DES ENTREPRISES DU B\u00c2TIMENT ET DES TRAVAUX PUBLICS<\/p>\n<ul>\n<li>Peinture-Peinture et ravalement<\/li>\n<li>Protection des fa\u00e7ades<\/li>\n<li>Structure et travaux courants de ma\u00e7onnerie &#8211; b\u00e9ton arm\u00e9<\/li>\n<li>Restauration du patrimoine ancien<\/li>\n<li>Couverture<\/li>\n<li>\u00c9tanch\u00e9it\u00e9 horizontale limit\u00e9e \u00e0 5% du CA<\/li>\n<li>Ravalement en ma\u00e7onnerie<\/li>\n<li>Charpente bois<\/li>\n<li>M\u00e9tallerie &#8211; Serrurerie (sans charpente)<\/li>\n<li>Isolation thermique<\/li>\n<\/ul>\n<h3>Pour les risques ci-apr\u00e8s:<\/h3>\n<p>Responsabilit\u00e9 en cas de dommages mat\u00e9riels \u00e0 l&rsquo;ouvrage apr\u00e8s r\u00e9ception.<\/p>\n<p><span style=\"color: #3366ff;\">le site <a style=\"color: #3366ff;\" href=\"http:\/\/www.smabtp.fr\/SGM\/jcms\/c_5642\/fr\/accueil\" target=\"_blank\" rel=\"noopener noreferrer\">SMABTP<\/a><\/span><\/p>\n<p>[download id=\u00a0\u00bb581&Prime;]<\/p>\n<h3 id=\"qualibat\">&nbsp;<\/h3>\n<p>Qualification Professionnelle<\/p>\n<ul>\n<li>2111 Ma\u00e7onnerie (technicit\u00e9 courante) et b\u00e9ton arm\u00e9 courant<\/li>\n<li>2121 Ravalement en Ma\u00e7onnerie<\/li>\n<li>3101 Tuiles \u00e0 embo\u00eetement ou \u00e0 glissement.<\/li>\n<li>3181 Couverture en plaques nervur\u00e9es ou ondul\u00e9es (technicit\u00e9 courante)<\/li>\n<li>3121 Imperm\u00e9abilisation des fa\u00e7ades-Classe I1, I2, I3 (technicit\u00e9 courante)<\/li>\n<li>6111 Peinture et ravalement (technicit\u00e9 courante)<\/li>\n<li>Ravalement en peinture<\/li>\n<li>Charpente bois<\/li>\n<li>M\u00e9tallerie &#8211; Serrurerie (sans charpente)<\/li>\n<li>Isolation thermique<\/li>\n<\/ul>\n<p><span style=\"color: #3366ff;\">Le site de <a style=\"color: #3366ff;\" href=\"http:\/\/www.qualibat.com\/\" target=\"_blank\" rel=\"noopener noreferrer\">QUALIBAT<\/a><\/span><\/p>\n<p>[download id=\u00a0\u00bb574&Prime;]<\/p>\n","protected":false},"excerpt":{"rendered":"<p>CONTRAT D&rsquo;ASSURANCE PROFESSIONNELLE DES ENTREPRISES DU B\u00c2TIMENT ET DES TRAVAUX PUBLICS Peinture-Peinture et ravalement Protection des fa\u00e7ades Structure et travaux courants de ma\u00e7onnerie &#8211; b\u00e9ton arm\u00e9 Restauration du patrimoine ancien Couverture \u00c9tanch\u00e9it\u00e9 horizontale limit\u00e9e \u00e0 5% du CA Ravalement en ma\u00e7onnerie Charpente bois M\u00e9tallerie &#8211; Serrurerie (sans charpente) Isolation thermique Pour les risques ci-apr\u00e8s: Responsabilit\u00e9 [&hellip;]<\/p>\n","protected":false},"author":2,"featured_media":0,"parent":0,"menu_order":0,"comment_status":"closed","ping_status":"closed","template":"","meta":{"ngg_post_thumbnail":0,"footnotes":""},"class_list":["post-717","page","type-page","status-publish","hentry"],"_links":{"self":[{"href":"https:\/\/acitadella.fr\/index.php?rest_route=\/wp\/v2\/pages\/717","targetHints":{"allow":["GET"]}}],"collection":[{"href":"https:\/\/acitadella.fr\/index.php?rest_route=\/wp\/v2\/pages"}],"about":[{"href":"https:\/\/acitadella.fr\/index.php?rest_route=\/wp\/v2\/types\/page"}],"author":[{"embeddable":true,"href":"https:\/\/acitadella.fr\/index.php?rest_route=\/wp\/v2\/users\/2"}],"replies":[{"embeddable":true,"href":"https:\/\/acitadella.fr\/index.php?rest_route=%2Fwp%2Fv2%2Fcomments&post=717"}],"version-history":[{"count":1,"href":"https:\/\/acitadella.fr\/index.php?rest_route=\/wp\/v2\/pages\/717\/revisions"}],"predecessor-version":[{"id":718,"href":"https:\/\/acitadella.fr\/index.php?rest_route=\/wp\/v2\/pages\/717\/revisions\/718"}],"wp:attachment":[{"href":"https:\/\/acitadella.fr\/index.php?rest_route=%2Fwp%2Fv2%2Fmedia&parent=717"}],"curies":[{"name":"wp","href":"https:\/\/api.w.org\/{rel}","templated":true}]}}