{"id":66,"date":"2014-07-23T14:17:11","date_gmt":"2014-07-23T13:17:11","guid":{"rendered":"http:\/\/acitadella.fr\/?page_id=66"},"modified":"2018-06-01T12:11:47","modified_gmt":"2018-06-01T11:11:47","slug":"nous-situer","status":"publish","type":"page","link":"https:\/\/acitadella.fr\/?page_id=66","title":{"rendered":"Implantation"},"content":{"rendered":"<h2>Si\u00e8ge social<\/h2>\n<h3>Zone industrielle de la Caldaniccia<\/h3>\n<ul>\n<li>Locaux administratifs<\/li>\n<li>Bureaux d&rsquo;\u00e9tude<\/li>\n<li>Atelier de peinture<\/li>\n<li>D\u00e9p\u00f4t<\/li>\n<\/ul>\n<p><iframe loading=\"lazy\" style=\"border: 0;\" src=\"https:\/\/www.google.com\/maps\/embed?pb=!1m18!1m12!1m3!1d2967.1171095277364!2d8.797991415642578!3d41.95481956858823!2m3!1f0!2f0!3f0!3m2!1i1024!2i768!4f13.1!3m3!1m2!1s0x0%3A0xa6dc7a2e84ab8478!2sA+Citadella!5e0!3m2!1sfr!2sfr!4v1527511685618\" allowfullscreen=\"allowfullscreen\" width=\"700\" height=\"400\" frameborder=\"0\"><\/iframe><\/p>\n","protected":false},"excerpt":{"rendered":"<p>Si\u00e8ge social Zone industrielle de la Caldaniccia Locaux administratifs Bureaux d&rsquo;\u00e9tude Atelier de peinture D\u00e9p\u00f4t<\/p>\n","protected":false},"author":2,"featured_media":0,"parent":0,"menu_order":0,"comment_status":"closed","ping_status":"open","template":"","meta":{"ngg_post_thumbnail":0,"footnotes":""},"class_list":["post-66","page","type-page","status-publish","hentry"],"_links":{"self":[{"href":"https:\/\/acitadella.fr\/index.php?rest_route=\/wp\/v2\/pages\/66","targetHints":{"allow":["GET"]}}],"collection":[{"href":"https:\/\/acitadella.fr\/index.php?rest_route=\/wp\/v2\/pages"}],"about":[{"href":"https:\/\/acitadella.fr\/index.php?rest_route=\/wp\/v2\/types\/page"}],"author":[{"embeddable":true,"href":"https:\/\/acitadella.fr\/index.php?rest_route=\/wp\/v2\/users\/2"}],"replies":[{"embeddable":true,"href":"https:\/\/acitadella.fr\/index.php?rest_route=%2Fwp%2Fv2%2Fcomments&post=66"}],"version-history":[{"count":19,"href":"https:\/\/acitadella.fr\/index.php?rest_route=\/wp\/v2\/pages\/66\/revisions"}],"predecessor-version":[{"id":649,"href":"https:\/\/acitadella.fr\/index.php?rest_route=\/wp\/v2\/pages\/66\/revisions\/649"}],"wp:attachment":[{"href":"https:\/\/acitadella.fr\/index.php?rest_route=%2Fwp%2Fv2%2Fmedia&parent=66"}],"curies":[{"name":"wp","href":"https:\/\/api.w.org\/{rel}","templated":true}]}}