{"id":556,"date":"2016-06-22T06:30:59","date_gmt":"2016-06-22T05:30:59","guid":{"rendered":"http:\/\/acitadella.fr\/?page_id=556"},"modified":"2018-04-21T08:11:06","modified_gmt":"2018-04-21T07:11:06","slug":"qui-sommes-nous","status":"publish","type":"page","link":"https:\/\/acitadella.fr\/?page_id=556","title":{"rendered":"Qui sommes-nous?"},"content":{"rendered":"<p>L\u2019entreprise a d\u00e9but\u00e9 ses activit\u00e9s dans le cadre strict du ravalement de fa\u00e7ades et s\u2019est d\u00e9velopp\u00e9e, depuis une dizaine d\u2019ann\u00e9es, dans les domaines de la ma\u00e7onnerie g\u00e9n\u00e9rale, de la toiture, de la peinture, mais surtout dans la r\u00e9novation et la restauration de b\u00e2timents anciens, essentiellement dans le vieil Ajaccio.<br \/>\nL\u2019investissement dans cette nouvelle activit\u00e9 se traduit par l\u2019utilisation de techniques et de mat\u00e9riaux traditionnels, afin de respecter le patrimoine b\u00e2ti auquel l\u2019entreprise est fortement attach\u00e9e.<\/p>\n<h3>A Citadella est sp\u00e9cialis\u00e9e dans la r\u00e9novation.<\/h3>\n<p>La soci\u00e9t\u00e9 compte trente et un salari\u00e9s r\u00e9partis de la mani\u00e8re suivante :<\/p>\n<ul>\n<li>1 g\u00e9rante,<\/li>\n<li>1 secr\u00e9taire de direction,<\/li>\n<li>1 m\u00e9treur,<\/li>\n<li>1 conducteur de travaux,<\/li>\n<li>2 chefs de chantier,<\/li>\n<li>5 chefs d\u2019\u00e9quipe en ravalement,<\/li>\n<li>10 compagnons en ravalement,<\/li>\n<li>5 chefs d\u2019\u00e9quipe en ma\u00e7onnerie,<\/li>\n<li>6 compagnons en ma\u00e7onnerie.<\/li>\n<\/ul>\n<h4>Mat\u00e9riel:<\/h4>\n<p>Son mat\u00e9riel est constitu\u00e9 par un parc de v\u00e9hicules comprenant 4 camions benne et 5 utilitaires l\u00e9gers.<\/p>\n<p>En ce qui concerne le mat\u00e9riel de chantier, un parc d\u2019\u00e9chafaudages comprenant:<\/p>\n<ul>\n<li>1600 m2 d\u2019\u00e9chafaudages tubulaires aluminium PLETTAC<\/li>\n<li>1500 m2 d\u2019\u00e9chafaudages acier ALTRAD<\/li>\n<li>1200 m2 d\u2019\u00e9chafaudages acier multidirectionnel PLETTAC<\/li>\n<li>5 nacelles LAHO en alu et divers outillages<\/li>\n<li>1 nacelle \u00e9l\u00e9vatrice SCANCLIMBER sur m\u00e2t<\/li>\n<\/ul>\n","protected":false},"excerpt":{"rendered":"<p>L\u2019entreprise a d\u00e9but\u00e9 ses activit\u00e9s dans le cadre strict du ravalement de fa\u00e7ades et s\u2019est d\u00e9velopp\u00e9e, depuis une dizaine d\u2019ann\u00e9es, dans les domaines de la ma\u00e7onnerie g\u00e9n\u00e9rale, de la toiture, de la peinture, mais surtout dans la r\u00e9novation et la restauration de b\u00e2timents anciens, essentiellement dans le vieil Ajaccio. L\u2019investissement dans cette nouvelle activit\u00e9 se [&hellip;]<\/p>\n","protected":false},"author":2,"featured_media":0,"parent":0,"menu_order":0,"comment_status":"closed","ping_status":"closed","template":"","meta":{"ngg_post_thumbnail":0,"footnotes":""},"class_list":["post-556","page","type-page","status-publish","hentry"],"_links":{"self":[{"href":"https:\/\/acitadella.fr\/index.php?rest_route=\/wp\/v2\/pages\/556","targetHints":{"allow":["GET"]}}],"collection":[{"href":"https:\/\/acitadella.fr\/index.php?rest_route=\/wp\/v2\/pages"}],"about":[{"href":"https:\/\/acitadella.fr\/index.php?rest_route=\/wp\/v2\/types\/page"}],"author":[{"embeddable":true,"href":"https:\/\/acitadella.fr\/index.php?rest_route=\/wp\/v2\/users\/2"}],"replies":[{"embeddable":true,"href":"https:\/\/acitadella.fr\/index.php?rest_route=%2Fwp%2Fv2%2Fcomments&post=556"}],"version-history":[{"count":5,"href":"https:\/\/acitadella.fr\/index.php?rest_route=\/wp\/v2\/pages\/556\/revisions"}],"predecessor-version":[{"id":586,"href":"https:\/\/acitadella.fr\/index.php?rest_route=\/wp\/v2\/pages\/556\/revisions\/586"}],"wp:attachment":[{"href":"https:\/\/acitadella.fr\/index.php?rest_route=%2Fwp%2Fv2%2Fmedia&parent=556"}],"curies":[{"name":"wp","href":"https:\/\/api.w.org\/{rel}","templated":true}]}}