{"id":240,"date":"2014-07-25T13:22:10","date_gmt":"2014-07-25T12:22:10","guid":{"rendered":"http:\/\/acitadella.fr\/?page_id=240"},"modified":"2014-09-18T12:23:18","modified_gmt":"2014-09-18T11:23:18","slug":"lexique","status":"publish","type":"page","link":"https:\/\/acitadella.fr\/?page_id=240","title":{"rendered":"Lexique"},"content":{"rendered":"<p><a id=\"haut\" name=\"haut\"><\/a><br \/>\n<img loading=\"lazy\" decoding=\"async\" class=\"aligncenter size-full wp-image-459\" src=\"http:\/\/acitadella.fr\/wp-content\/uploads\/2014\/09\/300px-Lexique.png\" alt=\"300px-Lexique\" width=\"120\" height=\"198\" \/><\/p>\n<div id=\"colonnes_lexique\">\n<div id=\"col_lex1\">\n<h3><i class=\"fa fa-arrow-down\"><\/i>A &#8211; E<\/h3>\n<ul>\n<li><a href=\"#acrotere\">Acrot\u00e8re<\/a><\/li>\n<li><a href=\"#appuis\">Appuis de fen\u00eatres<\/a><\/li>\n<li><a href=\"#arcDecharge\">Arc de d\u00e9charge<\/a><\/li>\n<li><a href=\"#arret\">Arr\u00eat marseillais<\/a><\/li>\n<li><a href=\"#balcon\">Balcon<\/a><\/li>\n<li><a href=\"#bandeau-moulur%E9\">Bandeau moulur\u00e9<\/a><\/li>\n<li><a href=\"#chainage\">Chainage d&rsquo;angle<\/a><\/li>\n<li><a href=\"#chassis\">Chassis lucarne<\/a><\/li>\n<li><a href=\"#cheneau\">Ch\u00e9neau<\/a><\/li>\n<li><a href=\"#chevron\">chevron<\/a><\/li>\n<li><a href=\"#claustra\">Claustra terre cuite<\/a><\/li>\n<li><a href=\"#corbeau\">Corbeau<\/a><\/li>\n<li><a href=\"#corniche\">Corniche<\/a><\/li>\n<li><a href=\"#dauphin\">Dauphin<\/a><\/li>\n<li><a href=\"#descente\">Descente<\/a><\/li>\n<li><a href=\"#echafaudage_tub\">Echafaudage tubulaire<\/a><\/li>\n<li><a href=\"#ecran\">Ecran sous toiture<\/a><\/li>\n<li><a href=\"#encadrements\">Encadrements de fen\u00eatres<\/a><\/li>\n<\/ul>\n<\/div>\n<div id=\"col_lex2\">\n<h3><i class=\"fa fa-arrow-down\"><\/i>F &#8211; N<\/h3>\n<ul>\n<li><a href=\"#faitage-aretier-rive\">Faitage-Aretier-Rive<\/a><\/li>\n<li><a href=\"#fenetre-toit\">Fen\u00eatre de toit<\/a><\/li>\n<li><a href=\"#garde-corps-alu\">Garde-corps aluminium<\/a><\/li>\n<li><a href=\"#joint_dilatation\">Joint de dilatation<\/a><\/li>\n<li><a href=\"#linteau\">Linteau<\/a><\/li>\n<li><a href=\"#lucarne\">Lucarne<\/a><\/li>\n<li><a href=\"#maincourante\">Main courante<\/a><\/li>\n<li><a href=\"#nacelle\">Nacelle<\/a><\/li>\n<li><a href=\"#nacelle_elevatrice\">Nacelle_\u00e9l\u00e9vatrice<\/a><\/li>\n<li><a href=\"#noue\">Noue<\/a><\/li>\n<\/ul>\n<\/div>\n<div id=\"col_lex3\">\n<h3><i class=\"fa fa-arrow-down\"><\/i>N &#8211; Z<\/h3>\n<ul>\n<li><a href=\"#nalweb\">Poutres Nailweb<\/a><\/li>\n<li><a href=\"#peigneEgout\">Peigne d&rsquo;\u00e9go\u00fbt<\/a><\/li>\n<li><a href=\"#pissetteEvacuation\">Pissette d&rsquo;\u00e9vacuation<\/a><\/li>\n<li><a href=\"#platelage\">Platelage<\/a><\/li>\n<li><a href=\"#pst\">Plaques sous tuiles<\/a><\/li>\n<li><a href=\"#francaise\">Pose \u00e0 la fran\u00e7aise<\/a><\/li>\n<li><a href=\"#anglaise\">Pose \u00e0 l&rsquo;anglaise<\/a><\/li>\n<li><a href=\"#poutre\">Poutre<\/a><\/li>\n<li><a href=\"#releveEtancheite\">Relev\u00e9 d&rsquo;\u00e9tancheite<\/a><\/li>\n<li><a href=\"#separatif\">S\u00e9paratif<\/a><\/li>\n<li><a href=\"#skydom\">skydom<\/a><\/li>\n<li><a href=\"#soubassement\">Soubassement<\/a><\/li>\n<li><a href=\"#tableau\">Tableau<\/a><\/li>\n<li><a href=\"#tremie\">Tr\u00e9mie<\/a><\/li>\n<li><a href=\"#egout_rive\">Tuiles diverses<\/a><\/li>\n<li><a href=\"#ventilation\">Ventilation primaire<\/a><\/li>\n<\/ul>\n<\/div>\n<\/div>\n<p><a name=\"acrotere\"><\/a><img decoding=\"async\" src=\"http:\/\/www.acitadella.fr\/presentation\/appuis.png\" alt=\"\" \/><br \/>\n<a name=\"arcDecharge\"><\/a><br \/>\n<img decoding=\"async\" src=\"http:\/\/www.acitadella.fr\/presentation\/arcDecharge.png\" alt=\"\" \/><\/p>\n<p><a name=\"arret\"><\/a><br \/>\n<img decoding=\"async\" src=\"http:\/\/www.acitadella.fr\/presentation\/arret.png\" alt=\"\" \/><\/p>\n<p><a name=\"balcon\"><\/a><br \/>\n<img decoding=\"async\" src=\"http:\/\/www.acitadella.fr\/presentation\/balcon.png\" alt=\"\" \/><\/p>\n<p><a name=\"bandeau-moulur\u00e9\"><\/a><br \/>\n<img decoding=\"async\" src=\"http:\/\/www.acitadella.fr\/presentation\/bandeau-moulur\u00e9.png\" alt=\"\" \/><\/p>\n<p><a name=\"chainage\"><\/a><br \/>\n<img decoding=\"async\" src=\"http:\/\/www.acitadella.fr\/presentation\/chainage.png\" alt=\"\" \/><\/p>\n<p><a name=\"chassis\"><\/a><br \/>\n<img decoding=\"async\" src=\"http:\/\/www.acitadella.fr\/presentation\/chassis.png\" alt=\"\" \/><\/p>\n<p><a name=\"cheneau\"><\/a><br \/>\n<img decoding=\"async\" src=\"http:\/\/www.acitadella.fr\/presentation\/cheneau.png\" alt=\"\" \/><\/p>\n<p><a name=\"chevron\"><\/a><br \/>\n<img decoding=\"async\" src=\"http:\/\/www.acitadella.fr\/presentation\/chevron.png\" alt=\"\" \/><\/p>\n<p><a name=\"claustra\"><\/a><br \/>\n<img decoding=\"async\" src=\"http:\/\/www.acitadella.fr\/presentation\/claustra.png\" alt=\"\" \/><\/p>\n<p><a name=\"corbeau\"><\/a><br \/>\n<img decoding=\"async\" src=\"http:\/\/www.acitadella.fr\/presentation\/corbeau.png\" alt=\"\" \/><\/p>\n<p><a name=\"corniche\"><\/a><br \/>\n<img decoding=\"async\" src=\"http:\/\/www.acitadella.fr\/presentation\/corniche.png\" alt=\"\" \/><\/p>\n<p><a name=\"dauphin\"><\/a><br \/>\n<img decoding=\"async\" src=\"http:\/\/www.acitadella.fr\/presentation\/dauphin.png\" alt=\"\" \/><\/p>\n<p><img decoding=\"async\" src=\"http:\/\/www.acitadella.fr\/presentation\/descente.png\" alt=\"\" \/><a name=\"descente\"><\/a><\/p>\n<p><img decoding=\"async\" src=\"http:\/\/www.acitadella.fr\/presentation\/echafaudage_tub.png\" alt=\"\" \/><a name=\"echafaudage_tub\"><\/a><\/p>\n<p><a name=\"ecran\"><\/a><br \/>\n<img decoding=\"async\" src=\"http:\/\/www.acitadella.fr\/presentation\/ecran.png\" alt=\"\" \/><\/p>\n<p><a name=\"egout_rive\"><\/a><br \/>\n<img decoding=\"async\" src=\"http:\/\/www.acitadella.fr\/presentation\/egout_rive.png\" alt=\"\" \/><\/p>\n<p><a name=\"encadrements\"><\/a><br \/>\n<img decoding=\"async\" src=\"http:\/\/www.acitadella.fr\/presentation\/encadrements.png\" alt=\"\" \/><\/p>\n<p><a name=\"faitage-aretier-rive\"><\/a><br \/>\n<img decoding=\"async\" src=\"http:\/\/www.acitadella.fr\/presentation\/faitage-aretier-rive.png\" alt=\"\" \/><\/p>\n<p><a name=\"fenetre-toit\"><\/a><br \/>\n<img decoding=\"async\" src=\"http:\/\/www.acitadella.fr\/presentation\/fenetre-toit.png\" alt=\"\" \/><\/p>\n<p><a name=\"garde-corps-alu\"><\/a><br \/>\n<img decoding=\"async\" src=\"http:\/\/www.acitadella.fr\/presentation\/garde-corps-alu.png\" alt=\"\" \/><\/p>\n<p><a name=\"joint_dilatation\"><\/a><br \/>\n<img decoding=\"async\" src=\"http:\/\/www.acitadella.fr\/presentation\/joint_dilatation.png\" alt=\"\" \/><\/p>\n<p><a name=\"linteau\"><\/a><br \/>\n<img decoding=\"async\" src=\"http:\/\/www.acitadella.fr\/presentation\/linteau.png\" alt=\"\" \/><\/p>\n<p><a name=\"lucarne\"><\/a><br \/>\n<img decoding=\"async\" src=\"http:\/\/www.acitadella.fr\/presentation\/lucarne.png\" alt=\"\" \/><\/p>\n<p><a name=\"maincourante\"><\/a><br \/>\n<img decoding=\"async\" src=\"http:\/\/www.acitadella.fr\/presentation\/maincourante.png\" alt=\"\" \/><\/p>\n<p><a name=\"nacelle\"><\/a><br \/>\n<img decoding=\"async\" src=\"http:\/\/www.acitadella.fr\/presentation\/nacelle.png\" alt=\"\" \/><\/p>\n<p><a name=\"nacelle_elevatrice\"><\/a><br \/>\n<img decoding=\"async\" src=\"http:\/\/www.acitadella.fr\/presentation\/nacelle_elevatrice.png\" alt=\"\" \/><\/p>\n<p><a name=\"noue\"><\/a><br \/>\n<img decoding=\"async\" src=\"http:\/\/www.acitadella.fr\/presentation\/noue.png\" alt=\"\" \/><\/p>\n<p><img decoding=\"async\" src=\"http:\/\/www.acitadella.fr\/presentation\/nalweb.png\" alt=\"\" \/><a name=\"nalweb\"><\/a><\/p>\n<p><img decoding=\"async\" src=\"http:\/\/www.acitadella.fr\/presentation\/peigneEgout.png\" alt=\"\" \/><br \/>\n<a name=\"peigneEgout\"><\/a><\/p>\n<p><a name=\"pissetteEvacuation\"><\/a><br \/>\n<img decoding=\"async\" src=\"http:\/\/www.acitadella.fr\/presentation\/pissetteEvacuation.png\" alt=\"\" \/><\/p>\n<p><a name=\"platelage\"><\/a><br \/>\n<img decoding=\"async\" src=\"http:\/\/www.acitadella.fr\/presentation\/platelage.png\" alt=\"\" \/><\/p>\n<p><a name=\"anglaise\"><\/a><br \/>\n<img decoding=\"async\" src=\"http:\/\/www.acitadella.fr\/presentation\/anglaise.png\" alt=\"\" \/><\/p>\n<p><a name=\"francaise\"><\/a><br \/>\n<img decoding=\"async\" src=\"http:\/\/www.acitadella.fr\/presentation\/francaise.png\" alt=\"\" \/><\/p>\n<p><a name=\"poutre\"><\/a><br \/>\n<img decoding=\"async\" src=\"http:\/\/www.acitadella.fr\/presentation\/poutre.png\" alt=\"\" \/><\/p>\n<p><a name=\"pst\"><\/a><br \/>\n<img decoding=\"async\" src=\"http:\/\/www.acitadella.fr\/presentation\/pst.png\" alt=\"\" \/><\/p>\n<p><a name=\"releveEtancheite\"><\/a><br \/>\n<img decoding=\"async\" src=\"http:\/\/www.acitadella.fr\/presentation\/releveEtancheite\" alt=\"\" \/><\/p>\n<p><a name=\"separatif\"><\/a><br \/>\n<img decoding=\"async\" src=\"http:\/\/www.acitadella.fr\/presentation\/separatif.png\" alt=\"\" \/><\/p>\n<p><a name=\"seuil\"><\/a><br \/>\n<img decoding=\"async\" src=\"http:\/\/www.acitadella.fr\/presentation\/seuil.png\" alt=\"\" \/><\/p>\n<p><a name=\"skydom\"><\/a><br \/>\n<img decoding=\"async\" src=\"http:\/\/www.acitadella.fr\/presentation\/skydom.png\" alt=\"\" \/><\/p>\n<p><a name=\"solin\"><\/a><br \/>\n<img decoding=\"async\" src=\"http:\/\/www.acitadella.fr\/presentation\/solin.png\" alt=\"\" \/><\/p>\n<p><a name=\"solinet\"><\/a><br \/>\n<img decoding=\"async\" src=\"http:\/\/www.acitadella.fr\/presentation\/solinet.png\" alt=\"\" \/><\/p>\n<p><a name=\"soubassement\"><\/a><br \/>\n<img decoding=\"async\" src=\"http:\/\/www.acitadella.fr\/presentation\/soubassement.png\" alt=\"\" \/><\/p>\n<p><a name=\"tableau\"><\/a><br \/>\n<img decoding=\"async\" src=\"http:\/\/www.acitadella.fr\/presentation\/tableau.png\" alt=\"\" \/><\/p>\n<p><a name=\"tremie\"><\/a><br \/>\n<img decoding=\"async\" src=\"http:\/\/www.acitadella.fr\/presentation\/tremie.png\" alt=\"\" \/><\/p>\n<p><a name=\"tuiles\"><\/a><br \/>\n<img decoding=\"async\" src=\"http:\/\/www.acitadella.fr\/presentation\/tuiles.png\" alt=\"\" \/><\/p>\n<p><a name=\"ventilation\"><\/a><br \/>\n<img decoding=\"async\" src=\"http:\/\/www.acitadella.fr\/presentation\/ventilation.png\" alt=\"\" \/><\/p>\n","protected":false},"excerpt":{"rendered":"<p>A &#8211; E Acrot\u00e8re Appuis de fen\u00eatres Arc de d\u00e9charge Arr\u00eat marseillais Balcon Bandeau moulur\u00e9 Chainage d&rsquo;angle Chassis lucarne Ch\u00e9neau chevron Claustra terre cuite Corbeau Corniche Dauphin Descente Echafaudage tubulaire Ecran sous toiture Encadrements de fen\u00eatres F &#8211; N Faitage-Aretier-Rive Fen\u00eatre de toit Garde-corps aluminium Joint de dilatation Linteau Lucarne Main courante Nacelle Nacelle_\u00e9l\u00e9vatrice Noue [&hellip;]<\/p>\n","protected":false},"author":2,"featured_media":0,"parent":0,"menu_order":0,"comment_status":"closed","ping_status":"open","template":"","meta":{"ngg_post_thumbnail":0,"footnotes":""},"class_list":["post-240","page","type-page","status-publish","hentry"],"_links":{"self":[{"href":"https:\/\/acitadella.fr\/index.php?rest_route=\/wp\/v2\/pages\/240","targetHints":{"allow":["GET"]}}],"collection":[{"href":"https:\/\/acitadella.fr\/index.php?rest_route=\/wp\/v2\/pages"}],"about":[{"href":"https:\/\/acitadella.fr\/index.php?rest_route=\/wp\/v2\/types\/page"}],"author":[{"embeddable":true,"href":"https:\/\/acitadella.fr\/index.php?rest_route=\/wp\/v2\/users\/2"}],"replies":[{"embeddable":true,"href":"https:\/\/acitadella.fr\/index.php?rest_route=%2Fwp%2Fv2%2Fcomments&post=240"}],"version-history":[{"count":38,"href":"https:\/\/acitadella.fr\/index.php?rest_route=\/wp\/v2\/pages\/240\/revisions"}],"predecessor-version":[{"id":493,"href":"https:\/\/acitadella.fr\/index.php?rest_route=\/wp\/v2\/pages\/240\/revisions\/493"}],"wp:attachment":[{"href":"https:\/\/acitadella.fr\/index.php?rest_route=%2Fwp%2Fv2%2Fmedia&parent=240"}],"curies":[{"name":"wp","href":"https:\/\/api.w.org\/{rel}","templated":true}]}}