{"id":131,"date":"2014-07-24T12:23:16","date_gmt":"2014-07-24T11:23:16","guid":{"rendered":"http:\/\/acitadella.fr\/?page_id=131"},"modified":"2018-12-12T16:41:28","modified_gmt":"2018-12-12T15:41:28","slug":"mentions-legales","status":"publish","type":"page","link":"https:\/\/acitadella.fr\/?page_id=131","title":{"rendered":"Mentions l\u00e9gales"},"content":{"rendered":"<h2>Editeur du site<\/h2>\n<p>Astrid Lombard<\/p>\n<h2>Directeur et responsable de la publication<\/h2>\n<p>Astrid Lombard<\/p>\n<h2>Propri\u00e9t\u00e9 intellectuelle<\/h2>\n<p>Selon les lois et articles en vigueur sur le droit de la propri\u00e9t\u00e9 intellectuelle, il est formellement interdit de divulguer, t\u00e9l\u00e9charger, reproduire m\u00eame partiellement tout \u00e9l\u00e9ment du site.<br \/>\nAller \u00e0 l&rsquo;encontre de ces avertissements aboutirait indubitablement \u00e0 des recours en justice.<br \/>\nPhotographies :&nbsp;\u00a9 A Citadella<\/p>\n<h2>H\u00e9bergeur<\/h2>\n<p>OVH<br \/>\nSAS au capital de 500 k\u20ac RCS Roubaix \u2013 Tourcoing 424 761 419 00011 \u2013 Code APE 721Z &#8211; N\u00b0 TVA : FR 22-424-761-419-00011<br \/>\nSi\u00e8ge social :<br \/>\n2 rue Kellermann &#8211; 59100 Roubaix &#8211; France.<br \/>\nL&rsquo;ensemble de ce site rel\u00e8ve des l\u00e9gislations fran\u00e7aise et internationale sur le droit d&rsquo;auteur et la propri\u00e9t\u00e9 intellectuelle.<br \/>\nTous les droits de reproduction sont r\u00e9serv\u00e9s, y compris pour les documents iconographiques et photographiques.<br \/>\nhttp:\/\/www.ovh.com\/fr\/index.xml<\/p>\n<h2>Webmaster<\/h2>\n<p>Web2aconcept &#8211; Ajaccio<\/p>\n","protected":false},"excerpt":{"rendered":"<p>Editeur du site Astrid Lombard Directeur et responsable de la publication Astrid Lombard Propri\u00e9t\u00e9 intellectuelle Selon les lois et articles en vigueur sur le droit de la propri\u00e9t\u00e9 intellectuelle, il est formellement interdit de divulguer, t\u00e9l\u00e9charger, reproduire m\u00eame partiellement tout \u00e9l\u00e9ment du site. Aller \u00e0 l&rsquo;encontre de ces avertissements aboutirait indubitablement \u00e0 des recours en [&hellip;]<\/p>\n","protected":false},"author":2,"featured_media":0,"parent":0,"menu_order":0,"comment_status":"closed","ping_status":"open","template":"","meta":{"ngg_post_thumbnail":0,"footnotes":""},"class_list":["post-131","page","type-page","status-publish","hentry"],"_links":{"self":[{"href":"https:\/\/acitadella.fr\/index.php?rest_route=\/wp\/v2\/pages\/131","targetHints":{"allow":["GET"]}}],"collection":[{"href":"https:\/\/acitadella.fr\/index.php?rest_route=\/wp\/v2\/pages"}],"about":[{"href":"https:\/\/acitadella.fr\/index.php?rest_route=\/wp\/v2\/types\/page"}],"author":[{"embeddable":true,"href":"https:\/\/acitadella.fr\/index.php?rest_route=\/wp\/v2\/users\/2"}],"replies":[{"embeddable":true,"href":"https:\/\/acitadella.fr\/index.php?rest_route=%2Fwp%2Fv2%2Fcomments&post=131"}],"version-history":[{"count":4,"href":"https:\/\/acitadella.fr\/index.php?rest_route=\/wp\/v2\/pages\/131\/revisions"}],"predecessor-version":[{"id":653,"href":"https:\/\/acitadella.fr\/index.php?rest_route=\/wp\/v2\/pages\/131\/revisions\/653"}],"wp:attachment":[{"href":"https:\/\/acitadella.fr\/index.php?rest_route=%2Fwp%2Fv2%2Fmedia&parent=131"}],"curies":[{"name":"wp","href":"https:\/\/api.w.org\/{rel}","templated":true}]}}