{"id":56,"date":"2014-07-23T13:57:18","date_gmt":"2014-07-23T12:57:18","guid":{"rendered":"http:\/\/acitadella.fr\/?page_id=56"},"modified":"2018-06-04T08:32:53","modified_gmt":"2018-06-04T07:32:53","slug":"garde-corps","status":"publish","type":"page","link":"http:\/\/acitadella.fr\/?page_id=56","title":{"rendered":"Garde-corps"},"content":{"rendered":"<h2>Garde-corps aluminium<\/h2>\n<p>Exemple de remplacement de claustras par des garde-corps alu. Les terrasses, outre les probl\u00e8mes d&rsquo;entretien des pare-soleil en b\u00e9ton, font d\u00e9sormais partie des espaces \u00e0 vivre rendus aux occupants.<br \/>\n<a href=\"http:\/\/acitadella.fr\/wp-content\/uploads\/2014\/07\/garde-corpsArcole.png\"><img loading=\"lazy\" decoding=\"async\" class=\"aligncenter size-full wp-image-57\" src=\"http:\/\/acitadella.fr\/wp-content\/uploads\/2014\/07\/garde-corpsArcole.png\" alt=\"garde-corpsArcole\" width=\"384\" height=\"419\" srcset=\"http:\/\/acitadella.fr\/wp-content\/uploads\/2014\/07\/garde-corpsArcole.png 384w, http:\/\/acitadella.fr\/wp-content\/uploads\/2014\/07\/garde-corpsArcole-274x300.png 274w\" sizes=\"auto, (max-width: 384px) 100vw, 384px\" \/><\/a><\/p>\n<p>&nbsp;<\/p>\n<h2>Garde-corps aluminium-verre<\/h2>\n<p>Les parties en ma\u00e7onnerie ont \u00e9t\u00e9 remplac\u00e9es par du verre fum\u00e9. L&rsquo;ensemble de la fa\u00e7ade s&rsquo;en trouve compl\u00e8tement transform\u00e9 et all\u00e9g\u00e9. (immeuble Le Porto &#8211; Ajaccio)<\/p>\n<p><a href=\"http:\/\/acitadella.fr\/wp-content\/uploads\/2014\/07\/garde-corps_2.png\"><img loading=\"lazy\" decoding=\"async\" class=\"aligncenter size-full wp-image-61\" src=\"http:\/\/acitadella.fr\/wp-content\/uploads\/2014\/07\/garde-corps_2.png\" alt=\"garde-corps_2\" width=\"384\" height=\"527\" srcset=\"http:\/\/acitadella.fr\/wp-content\/uploads\/2014\/07\/garde-corps_2.png 384w, http:\/\/acitadella.fr\/wp-content\/uploads\/2014\/07\/garde-corps_2-218x300.png 218w\" sizes=\"auto, (max-width: 384px) 100vw, 384px\" \/><\/a><\/p>\n<h2>Garde-corps aluminium-verre<\/h2>\n<p>&nbsp;<\/p>\n<p><a href=\"http:\/\/acitadella.fr\/wp-content\/uploads\/2014\/07\/garde-corps-grande.png\"><img loading=\"lazy\" decoding=\"async\" class=\"aligncenter size-full wp-image-62\" src=\"http:\/\/acitadella.fr\/wp-content\/uploads\/2014\/07\/garde-corps-grande.png\" alt=\"garde-corps-grande\" width=\"384\" height=\"319\" srcset=\"http:\/\/acitadella.fr\/wp-content\/uploads\/2014\/07\/garde-corps-grande.png 384w, http:\/\/acitadella.fr\/wp-content\/uploads\/2014\/07\/garde-corps-grande-300x249.png 300w\" sizes=\"auto, (max-width: 384px) 100vw, 384px\" \/><\/a><\/p>\n<p>&nbsp;<\/p>\n<h2>Brise soleil en aluminium<\/h2>\n<p><a href=\"http:\/\/acitadella.fr\/wp-content\/uploads\/2014\/07\/brise-soleil.jpg\"><img loading=\"lazy\" decoding=\"async\" class=\"aligncenter size-full wp-image-64\" src=\"http:\/\/acitadella.fr\/wp-content\/uploads\/2014\/07\/brise-soleil.jpg\" alt=\"brise-soleil\" width=\"779\" height=\"283\" srcset=\"http:\/\/acitadella.fr\/wp-content\/uploads\/2014\/07\/brise-soleil.jpg 779w, http:\/\/acitadella.fr\/wp-content\/uploads\/2014\/07\/brise-soleil-300x108.jpg 300w\" sizes=\"auto, (max-width: 779px) 100vw, 779px\" \/><\/a><\/p>\n","protected":false},"excerpt":{"rendered":"<p>Garde-corps aluminium Exemple de remplacement de claustras par des garde-corps alu. Les terrasses, outre les probl\u00e8mes d&rsquo;entretien des pare-soleil en b\u00e9ton, font d\u00e9sormais partie des espaces \u00e0 vivre rendus aux occupants. &nbsp; Garde-corps aluminium-verre Les parties en ma\u00e7onnerie ont \u00e9t\u00e9 remplac\u00e9es par du verre fum\u00e9. L&rsquo;ensemble de la fa\u00e7ade s&rsquo;en trouve compl\u00e8tement transform\u00e9 et all\u00e9g\u00e9. [&hellip;]<\/p>\n","protected":false},"author":2,"featured_media":0,"parent":0,"menu_order":0,"comment_status":"closed","ping_status":"open","template":"","meta":{"ngg_post_thumbnail":0,"footnotes":""},"class_list":["post-56","page","type-page","status-publish","hentry"],"_links":{"self":[{"href":"http:\/\/acitadella.fr\/index.php?rest_route=\/wp\/v2\/pages\/56","targetHints":{"allow":["GET"]}}],"collection":[{"href":"http:\/\/acitadella.fr\/index.php?rest_route=\/wp\/v2\/pages"}],"about":[{"href":"http:\/\/acitadella.fr\/index.php?rest_route=\/wp\/v2\/types\/page"}],"author":[{"embeddable":true,"href":"http:\/\/acitadella.fr\/index.php?rest_route=\/wp\/v2\/users\/2"}],"replies":[{"embeddable":true,"href":"http:\/\/acitadella.fr\/index.php?rest_route=%2Fwp%2Fv2%2Fcomments&post=56"}],"version-history":[{"count":5,"href":"http:\/\/acitadella.fr\/index.php?rest_route=\/wp\/v2\/pages\/56\/revisions"}],"predecessor-version":[{"id":65,"href":"http:\/\/acitadella.fr\/index.php?rest_route=\/wp\/v2\/pages\/56\/revisions\/65"}],"wp:attachment":[{"href":"http:\/\/acitadella.fr\/index.php?rest_route=%2Fwp%2Fv2%2Fmedia&parent=56"}],"curies":[{"name":"wp","href":"https:\/\/api.w.org\/{rel}","templated":true}]}}