{"id":254,"date":"2014-08-27T10:37:33","date_gmt":"2014-08-27T09:37:33","guid":{"rendered":"http:\/\/acitadella.fr\/?page_id=254"},"modified":"2014-09-01T15:48:58","modified_gmt":"2014-09-01T14:48:58","slug":"toiture","status":"publish","type":"page","link":"http:\/\/acitadella.fr\/?page_id=254","title":{"rendered":"Toiture"},"content":{"rendered":"<p><img loading=\"lazy\" decoding=\"async\" class=\"alignleft size-medium wp-image-331\" src=\"http:\/\/acitadella.fr\/wp-content\/uploads\/2014\/08\/IMG_0419-300x225.jpg\" alt=\"IMG_0419\" width=\"300\" height=\"225\" srcset=\"http:\/\/acitadella.fr\/wp-content\/uploads\/2014\/08\/IMG_0419-300x225.jpg 300w, http:\/\/acitadella.fr\/wp-content\/uploads\/2014\/08\/IMG_0419-345x259.jpg 345w, http:\/\/acitadella.fr\/wp-content\/uploads\/2014\/08\/IMG_0419.jpg 400w\" sizes=\"auto, (max-width: 300px) 100vw, 300px\" \/> Nous r\u00e9alisons la toiture compl\u00e8te (de la charpente \u00e0 la zinguerie), la construction neuve ou la r\u00e9novation de toitures. Installation de charpentes.Nous proc\u00e9dons \u00e0 la sur\u00e9l\u00e9vation d&rsquo;immeubles, \u00e0 la r\u00e9novation du patrimoine ancien et sur monuments historiques. Nous posons tous types de couvertures : tuiles romanes , tuiles plates, tuiles canal, PST (plaques sous tuiles).<\/p>\n<h2><\/h2>\n<h2><\/h2>\n<p>&nbsp;<\/p>\n<p>&nbsp;<\/p>\n<p>&nbsp;<\/p>\n<h2>Diff\u00e9rents travaux de toiture.<\/h2>\n\n\n<link rel='stylesheet' href='http:\/\/acitadella.fr\/wp-content\/uploads\/wow-slider-plugin\/14\/style.css' type='text\/css' media='all' \/>\n<!-- Name: r\u00e9novation  -->\n\n<!-- Start WOWSlider.com BODY section -->\n<div id=\"wowslider-container14\">\n<div class=\"ws_images\"><ul>\n<li><img decoding=\"async\" src=\"http:\/\/acitadella.fr\/wp-content\/uploads\/wow-slider-plugin\/14\/images\/toit.jpg\" alt=\"\" title=\"\" id=\"wows14_0\"\/><\/li>\n<li><img decoding=\"async\" src=\"http:\/\/acitadella.fr\/wp-content\/uploads\/wow-slider-plugin\/14\/images\/toit1.jpg\" alt=\"\" title=\"\" id=\"wows14_1\"\/><\/li>\n<li><img decoding=\"async\" src=\"http:\/\/acitadella.fr\/wp-content\/uploads\/wow-slider-plugin\/14\/images\/toit2.jpg\" alt=\"\" title=\"\" id=\"wows14_2\"\/><\/li>\n<li><img decoding=\"async\" src=\"http:\/\/acitadella.fr\/wp-content\/uploads\/wow-slider-plugin\/14\/images\/toit3.jpg\" alt=\"\" title=\"\" id=\"wows14_3\"\/><\/li>\n<li><img decoding=\"async\" src=\"http:\/\/acitadella.fr\/wp-content\/uploads\/wow-slider-plugin\/14\/images\/toit4.jpg\" alt=\"\" title=\"\" id=\"wows14_4\"\/><\/li>\n<li><img decoding=\"async\" src=\"http:\/\/acitadella.fr\/wp-content\/uploads\/wow-slider-plugin\/14\/images\/toiturefinie003.jpg\" alt=\"\" title=\"\" id=\"wows14_5\"\/><\/li>\n<li><img decoding=\"async\" src=\"http:\/\/acitadella.fr\/wp-content\/uploads\/wow-slider-plugin\/14\/images\/txau21.10.jpg\" alt=\"\" title=\"\" id=\"wows14_6\"\/><\/li>\n<\/ul><\/div>\n<div class=\"ws_bullets\"><div>\n<a href=\"#\" title=\"\"><img decoding=\"async\" src=\"http:\/\/acitadella.fr\/wp-content\/uploads\/wow-slider-plugin\/14\/tooltips\/toit.jpg\" alt=\"\"\/>1<\/a>\n<a href=\"#\" title=\"\"><img decoding=\"async\" src=\"http:\/\/acitadella.fr\/wp-content\/uploads\/wow-slider-plugin\/14\/tooltips\/toit1.jpg\" alt=\"\"\/>2<\/a>\n<a href=\"#\" title=\"\"><img decoding=\"async\" src=\"http:\/\/acitadella.fr\/wp-content\/uploads\/wow-slider-plugin\/14\/tooltips\/toit2.jpg\" alt=\"\"\/>3<\/a>\n<a href=\"#\" title=\"\"><img decoding=\"async\" src=\"http:\/\/acitadella.fr\/wp-content\/uploads\/wow-slider-plugin\/14\/tooltips\/toit3.jpg\" alt=\"\"\/>4<\/a>\n<a href=\"#\" title=\"\"><img decoding=\"async\" src=\"http:\/\/acitadella.fr\/wp-content\/uploads\/wow-slider-plugin\/14\/tooltips\/toit4.jpg\" alt=\"\"\/>5<\/a>\n<a href=\"#\" title=\"\"><img decoding=\"async\" src=\"http:\/\/acitadella.fr\/wp-content\/uploads\/wow-slider-plugin\/14\/tooltips\/toiturefinie003.jpg\" alt=\"\"\/>6<\/a>\n<a href=\"#\" title=\"\"><img decoding=\"async\" src=\"http:\/\/acitadella.fr\/wp-content\/uploads\/wow-slider-plugin\/14\/tooltips\/txau21.10.jpg\" alt=\"\"\/>7<\/a>\n<\/div><\/div>\n<span class=\"wsl\"><a href=\"http:\/\/wowslider.com\">Slideshow Java<\/a> by WOWSlider.com v4.8<\/span>\n\t<a href=\"#\" class=\"ws_frame\"><\/a>\n\t<div class=\"ws_shadow\"><\/div>\n<\/div>\n<!-- End WOWSlider.com BODY section -->\n\n\n<script type='text\/javascript' src='http:\/\/acitadella.fr\/wp-content\/uploads\/wow-slider-plugin\/14\/script.js'><\/script>\n\n\n","protected":false},"excerpt":{"rendered":"<p>Nous r\u00e9alisons la toiture compl\u00e8te (de la charpente \u00e0 la zinguerie), la construction neuve ou la r\u00e9novation de toitures. Installation de charpentes.Nous proc\u00e9dons \u00e0 la sur\u00e9l\u00e9vation d&rsquo;immeubles, \u00e0 la r\u00e9novation du patrimoine ancien et sur monuments historiques. Nous posons tous types de couvertures : tuiles romanes , tuiles plates, tuiles canal, PST (plaques sous tuiles). [&hellip;]<\/p>\n","protected":false},"author":2,"featured_media":0,"parent":0,"menu_order":0,"comment_status":"closed","ping_status":"open","template":"","meta":{"ngg_post_thumbnail":0,"footnotes":""},"class_list":["post-254","page","type-page","status-publish","hentry"],"_links":{"self":[{"href":"http:\/\/acitadella.fr\/index.php?rest_route=\/wp\/v2\/pages\/254","targetHints":{"allow":["GET"]}}],"collection":[{"href":"http:\/\/acitadella.fr\/index.php?rest_route=\/wp\/v2\/pages"}],"about":[{"href":"http:\/\/acitadella.fr\/index.php?rest_route=\/wp\/v2\/types\/page"}],"author":[{"embeddable":true,"href":"http:\/\/acitadella.fr\/index.php?rest_route=\/wp\/v2\/users\/2"}],"replies":[{"embeddable":true,"href":"http:\/\/acitadella.fr\/index.php?rest_route=%2Fwp%2Fv2%2Fcomments&post=254"}],"version-history":[{"count":19,"href":"http:\/\/acitadella.fr\/index.php?rest_route=\/wp\/v2\/pages\/254\/revisions"}],"predecessor-version":[{"id":344,"href":"http:\/\/acitadella.fr\/index.php?rest_route=\/wp\/v2\/pages\/254\/revisions\/344"}],"wp:attachment":[{"href":"http:\/\/acitadella.fr\/index.php?rest_route=%2Fwp%2Fv2%2Fmedia&parent=254"}],"curies":[{"name":"wp","href":"https:\/\/api.w.org\/{rel}","templated":true}]}}