{"id":22,"date":"2014-07-22T16:00:29","date_gmt":"2014-07-22T15:00:29","guid":{"rendered":"http:\/\/acitadella.fr\/?page_id=22"},"modified":"2014-10-15T12:51:07","modified_gmt":"2014-10-15T11:51:07","slug":"ravalements","status":"publish","type":"page","link":"http:\/\/acitadella.fr\/?page_id=22","title":{"rendered":"Ravalement"},"content":{"rendered":"<h3><img loading=\"lazy\" decoding=\"async\" class=\"alignleft size-medium wp-image-289\" src=\"http:\/\/acitadella.fr\/wp-content\/uploads\/2014\/07\/2014-01-28-10.27.45-300x225.jpg\" alt=\"\" width=\"300\" height=\"225\" srcset=\"http:\/\/acitadella.fr\/wp-content\/uploads\/2014\/07\/2014-01-28-10.27.45-300x225.jpg 300w, http:\/\/acitadella.fr\/wp-content\/uploads\/2014\/07\/2014-01-28-10.27.45-345x259.jpg 345w, http:\/\/acitadella.fr\/wp-content\/uploads\/2014\/07\/2014-01-28-10.27.45.jpg 750w\" sizes=\"auto, (max-width: 300px) 100vw, 300px\" \/>Le ravalement consiste \u00e0 nettoyer une fa\u00e7ade et, en cas de besoin, y effectuer quelques travaux de remise en \u00e9tat.<\/h3>\n<p>Avant de penser \u00e0 l\u2019esth\u00e9tisme de la fa\u00e7ade, il faut en effet s&rsquo;assurer\u00a0que celle-ci ne rec\u00e8le pas des d\u00e9fauts et de probl\u00e8mes qui pourraient nuire\u00a0\u00e0 la stabilit\u00e9 ou \u00e0 l\u2019\u00e9tanch\u00e9it\u00e9 du b\u00e2timent.<\/p>\n<p>Le support doit \u00eatre plan, solide, \u00e9tanche et sain, et si ce n\u2019est pas le cas il faudra y r\u00e9aliser les pr\u00e9parations et r\u00e9parations n\u00e9cessaires. Tout ravalement doit \u00eatre envisag\u00e9 de mani\u00e8re \u00e0 ne pas avoir de grosses surprises en cours de travaux.<\/p>\n<h3><strong style=\"color: #000000;\">Fa\u00e7ades \u00e0 enduit<\/strong><\/h3>\n<p style=\"color: #000000;\">Si la fa\u00e7ade est d\u00e9t\u00e9rior\u00e9e par endroits, des reprises de ma\u00e7onnerie pourront s\u2019av\u00e9rer n\u00e9cessaires.\u00a0En cas de fissure(s), et selon leur importance et leur nature, il est possible de poser des agrafes, de les combler au mortier ou un autre type de composant, et encore d\u2019entoiler en sus la fa\u00e7ade avec une fibre de verre.<\/p>\n<p style=\"color: #000000;\">Il est \u00e9galement envisageable de pr\u00e9voir la r\u00e9fection totale de l&rsquo;\u00a0enduit. \u00a0Par contre, si l\u2019enduit est sain et plan, mais simplement sali, un lavage\/brossage suffira.<\/p>\n<h2>Enduit\u00a0de fa\u00e7ade<\/h2>\n<ul style=\"color: #666666;\">\n<li style=\"font-weight: inherit; font-style: inherit; color: #e65101;\"><q style=\"font-weight: inherit; font-style: inherit; color: #636363;\">Cr\u00e9pis tyroliens<\/q><\/li>\n<li style=\"font-weight: inherit; font-style: inherit; color: #e65101;\"><q style=\"font-weight: inherit; font-style: inherit; color: #636363;\">Enduits de rebouchage<\/q><\/li>\n<li style=\"font-weight: inherit; font-style: inherit; color: #e65101;\"><q style=\"font-weight: inherit; font-style: inherit; color: #636363;\">Enduits minces de r\u00e9novation<\/q><\/li>\n<li style=\"font-weight: inherit; font-style: inherit; color: #e65101;\"><q style=\"font-weight: inherit; font-style: inherit; color: #636363;\">Enduits de restauration<\/q><\/li>\n<\/ul>\n<h2>Imperm\u00e9abilisation de fa\u00e7ade<\/h2>\n<ul style=\"color: #666666;\">\n<li style=\"font-weight: inherit; font-style: inherit; color: #e65101;\"><q style=\"font-weight: inherit; font-style: inherit; color: #636363;\">Imperm\u00e9abilisation de classe I1 \u00e0 I4<\/q><\/li>\n<li style=\"font-weight: inherit; font-style: inherit; color: #e65101;\"><q style=\"font-weight: inherit; font-style: inherit; color: #636363;\">Hydrofugation<\/q><\/li>\n<li style=\"font-weight: inherit; font-style: inherit; color: #e65101;\"><q style=\"font-weight: inherit; font-style: inherit; color: #636363;\">Application de rev\u00eatements imperm\u00e9ables<\/q><\/li>\n<li style=\"font-weight: inherit; font-style: inherit; color: #e65101;\"><q style=\"font-weight: inherit; font-style: inherit; color: #636363;\">Finition lisse<\/q><\/li>\n<li style=\"font-weight: inherit; font-style: inherit; color: #e65101;\"><q style=\"font-weight: inherit; font-style: inherit; color: #636363;\">Finition taloch\u00e9e<\/q><\/li>\n<li style=\"font-weight: inherit; font-style: inherit; color: #e65101;\"><q style=\"font-weight: inherit; font-style: inherit; color: #636363;\">Finition grain de marbre<\/q><\/li>\n<\/ul>\n<h2>Traitements<\/h2>\n<ul style=\"color: #666666;\">\n<li style=\"font-weight: inherit; font-style: inherit; color: #e65101;\"><q style=\"font-weight: inherit; font-style: inherit; color: #636363;\">Techniques<\/q><\/li>\n<li style=\"font-weight: inherit; font-style: inherit; color: #e65101;\"><q style=\"font-weight: inherit; font-style: inherit; color: #636363;\">D\u00e9coratifs<\/q><\/li>\n<li style=\"font-weight: inherit; font-style: inherit; color: #e65101;\"><q style=\"font-weight: inherit; font-style: inherit; color: #636363;\">Anti-mousse<\/q><\/li>\n<li style=\"font-weight: inherit; font-style: inherit; color: #e65101;\"><q style=\"font-weight: inherit; font-style: inherit; color: #636363;\">Anti-graffitis<\/q><\/li>\n<\/ul>\n<h2>Marques<\/h2>\n<ul style=\"color: #666666;\">\n<li style=\"font-weight: inherit; font-style: inherit; color: #e65101;\"><q style=\"font-weight: inherit; font-style: inherit; color: #636363;\">Fassa Bartolo<\/q><\/li>\n<li style=\"font-weight: inherit; font-style: inherit; color: #e65101;\">Trimetal<\/li>\n<li style=\"font-weight: inherit; font-style: inherit; color: #e65101;\">Soframap<\/li>\n<li style=\"font-weight: inherit; font-style: inherit; color: #e65101;\">Seigneurie<\/li>\n<li style=\"font-weight: inherit; font-style: inherit; color: #e65101;\">Mapei<\/li>\n<li style=\"font-weight: inherit; font-style: inherit; color: #e65101;\">Sica<\/li>\n<li style=\"font-weight: inherit; font-style: inherit; color: #e65101;\">Velux<\/li>\n<li style=\"font-weight: inherit; font-style: inherit; color: #e65101;\"><q style=\"font-weight: inherit; font-style: inherit; color: #636363;\">Weber<\/q><\/li>\n<\/ul>\n","protected":false},"excerpt":{"rendered":"<p>Le ravalement consiste \u00e0 nettoyer une fa\u00e7ade et, en cas de besoin, y effectuer quelques travaux de remise en \u00e9tat. Avant de penser \u00e0 l\u2019esth\u00e9tisme de la fa\u00e7ade, il faut en effet s&rsquo;assurer\u00a0que celle-ci ne rec\u00e8le pas des d\u00e9fauts et de probl\u00e8mes qui pourraient nuire\u00a0\u00e0 la stabilit\u00e9 ou \u00e0 l\u2019\u00e9tanch\u00e9it\u00e9 du b\u00e2timent. Le support doit [&hellip;]<\/p>\n","protected":false},"author":2,"featured_media":0,"parent":0,"menu_order":0,"comment_status":"closed","ping_status":"open","template":"","meta":{"ngg_post_thumbnail":0,"footnotes":""},"class_list":["post-22","page","type-page","status-publish","hentry"],"_links":{"self":[{"href":"http:\/\/acitadella.fr\/index.php?rest_route=\/wp\/v2\/pages\/22","targetHints":{"allow":["GET"]}}],"collection":[{"href":"http:\/\/acitadella.fr\/index.php?rest_route=\/wp\/v2\/pages"}],"about":[{"href":"http:\/\/acitadella.fr\/index.php?rest_route=\/wp\/v2\/types\/page"}],"author":[{"embeddable":true,"href":"http:\/\/acitadella.fr\/index.php?rest_route=\/wp\/v2\/users\/2"}],"replies":[{"embeddable":true,"href":"http:\/\/acitadella.fr\/index.php?rest_route=%2Fwp%2Fv2%2Fcomments&post=22"}],"version-history":[{"count":29,"href":"http:\/\/acitadella.fr\/index.php?rest_route=\/wp\/v2\/pages\/22\/revisions"}],"predecessor-version":[{"id":531,"href":"http:\/\/acitadella.fr\/index.php?rest_route=\/wp\/v2\/pages\/22\/revisions\/531"}],"wp:attachment":[{"href":"http:\/\/acitadella.fr\/index.php?rest_route=%2Fwp%2Fv2%2Fmedia&parent=22"}],"curies":[{"name":"wp","href":"https:\/\/api.w.org\/{rel}","templated":true}]}}