{"id":154,"date":"2014-07-24T15:41:42","date_gmt":"2014-07-24T14:41:42","guid":{"rendered":"http:\/\/acitadella.fr\/?page_id=154"},"modified":"2020-10-06T16:34:37","modified_gmt":"2020-10-06T15:34:37","slug":"a-citadella","status":"publish","type":"page","link":"http:\/\/acitadella.fr\/","title":{"rendered":"Bienvenue sur A Citadella.fr"},"content":{"rendered":"<p><img loading=\"lazy\" decoding=\"async\" class=\"alignleft size-full wp-image-347\" src=\"http:\/\/acitadella.fr\/wp-content\/uploads\/2014\/07\/toits.jpg\" alt=\"toits\" width=\"750\" height=\"177\" srcset=\"http:\/\/acitadella.fr\/wp-content\/uploads\/2014\/07\/toits.jpg 750w, http:\/\/acitadella.fr\/wp-content\/uploads\/2014\/07\/toits-300x70.jpg 300w\" sizes=\"auto, (max-width: 750px) 100vw, 750px\" \/><\/p>\n<h3>La SARL A Citadella est r\u00e9put\u00e9e pour la qualit\u00e9 de ses travaux de ravalement tant dans l&rsquo;habitat r\u00e9cent que dans le patrimoine ancien, mais pas seulement. Outre la r\u00e9fection de toiture, nous assurons aussi le remplacement des garde-corps, s\u00e9paratifs, brise-soleil&#8230;<\/h3>\n<p>&nbsp;<\/p>\n<h2>Des services sur mesure<\/h2>\n<h4>Diagnostic de chantier pr\u00e9cis et objectif. Pr\u00e9conisation pointue sur les choix techniques et esth\u00e9tiques qui s&rsquo;offrent \u00e0 vous. Excellence des mat\u00e9riaux utilis\u00e9s et des travaux r\u00e9alis\u00e9s.<\/h4>\n<div id=\"colonnes\">\n<div id=\"col1\">\n<h3>Ravalement<\/h3>\n<p><img loading=\"lazy\" decoding=\"async\" class=\"size-full wp-image-381 alignleft\" src=\"http:\/\/acitadella.fr\/wp-content\/uploads\/2014\/07\/RAVALEMENT.jpg\" alt=\"RAVALEMENT\" width=\"150\" height=\"150\"> <a href=\"http:\/\/acitadella.fr\/?page_id=22\">Le ravalement consiste \u00e0 nettoyer une fa\u00e7ade et, en cas de besoin, y effectuer quelques travaux de remise en \u00e9tat.<\/a><\/p>\n<\/div>\n<div id=\"col2\">\n<h3>&nbsp;<\/h3>\n<h3>&nbsp;<\/h3>\n<h3>&nbsp;<\/h3>\n<h3>Toiture<\/h3>\n<p><img loading=\"lazy\" decoding=\"async\" class=\"size-full wp-image-383 alignleft\" src=\"http:\/\/acitadella.fr\/wp-content\/uploads\/2014\/07\/TOITURE.jpg\" alt=\"TOITURE\" width=\"150\" height=\"150\"> <a href=\"http:\/\/acitadella.fr\/?page_id=254\">Nous r\u00e9alisons la toiture compl\u00e8te (de la charpente \u00e0 la zinguerie), la construction neuve ou la r\u00e9novation de toitures.<\/a><\/p>\n<\/div>\n<div id=\"col3\">\n<h3>&nbsp;<\/h3>\n<h3>&nbsp;<\/h3>\n<h3>&nbsp;<\/h3>\n<h3>R\u00e9novation<\/h3>\n<p><img loading=\"lazy\" decoding=\"async\" class=\"size-full wp-image-382 alignleft\" src=\"http:\/\/acitadella.fr\/wp-content\/uploads\/2014\/07\/RENOVATION.jpg\" alt=\"RENOVATION\" width=\"150\" height=\"150\"> <a href=\"http:\/\/acitadella.fr\/?page_id=276\">R\u00e9nover une maison n&rsquo;est pas chose ais\u00e9e. Pour certains, tout sera \u00e0 refaire et pour d&rsquo;autres seuls quelques petits travaux seront \u00e0 r\u00e9aliser.<\/a><\/p>\n<\/div>\n<div id=\"col4\">\n<h3>&nbsp;<\/h3>\n<h3>&nbsp;<\/h3>\n<h3>&nbsp;<\/h3>\n<h3>Ma\u00e7onnerie<\/h3>\n<p><img loading=\"lazy\" decoding=\"async\" class=\"size-full wp-image-380 alignleft\" src=\"http:\/\/acitadella.fr\/wp-content\/uploads\/2014\/07\/MACONNERIE.jpg\" alt=\"MACONNERIE\" width=\"150\" height=\"150\"> <a href=\"http:\/\/acitadella.fr\/?page_id=284\">Nous proposons \u00e0 nos clients des devis gratuits et des conseils personnalis\u00e9s en fonction de leurs projets de construction. Notre \u00e9quipe de professionnels b\u00e9n\u00e9ficie de la certification Qualibat.<\/a><\/p>\n<\/div>\n<\/div>\n","protected":false},"excerpt":{"rendered":"<p>La SARL A Citadella est r\u00e9put\u00e9e pour la qualit\u00e9 de ses travaux de ravalement tant dans l&rsquo;habitat r\u00e9cent que dans le patrimoine ancien, mais pas seulement. Outre la r\u00e9fection de toiture, nous assurons aussi le remplacement des garde-corps, s\u00e9paratifs, brise-soleil&#8230; &nbsp; Des services sur mesure Diagnostic de chantier pr\u00e9cis et objectif. Pr\u00e9conisation pointue sur les [&hellip;]<\/p>\n","protected":false},"author":2,"featured_media":0,"parent":0,"menu_order":0,"comment_status":"closed","ping_status":"closed","template":"","meta":{"ngg_post_thumbnail":0,"footnotes":""},"class_list":["post-154","page","type-page","status-publish","hentry"],"_links":{"self":[{"href":"http:\/\/acitadella.fr\/index.php?rest_route=\/wp\/v2\/pages\/154","targetHints":{"allow":["GET"]}}],"collection":[{"href":"http:\/\/acitadella.fr\/index.php?rest_route=\/wp\/v2\/pages"}],"about":[{"href":"http:\/\/acitadella.fr\/index.php?rest_route=\/wp\/v2\/types\/page"}],"author":[{"embeddable":true,"href":"http:\/\/acitadella.fr\/index.php?rest_route=\/wp\/v2\/users\/2"}],"replies":[{"embeddable":true,"href":"http:\/\/acitadella.fr\/index.php?rest_route=%2Fwp%2Fv2%2Fcomments&post=154"}],"version-history":[{"count":30,"href":"http:\/\/acitadella.fr\/index.php?rest_route=\/wp\/v2\/pages\/154\/revisions"}],"predecessor-version":[{"id":715,"href":"http:\/\/acitadella.fr\/index.php?rest_route=\/wp\/v2\/pages\/154\/revisions\/715"}],"wp:attachment":[{"href":"http:\/\/acitadella.fr\/index.php?rest_route=%2Fwp%2Fv2%2Fmedia&parent=154"}],"curies":[{"name":"wp","href":"https:\/\/api.w.org\/{rel}","templated":true}]}}